{"id":49828,"date":"2021-10-03T15:04:55","date_gmt":"2021-10-03T13:04:55","guid":{"rendered":"https:\/\/www.fattoriasandonato.it\/?post_type=product&#038;p=49828"},"modified":"2025-12-15T13:48:16","modified_gmt":"2025-12-15T12:48:16","slug":"vernaccia-di-san-gimignano-docg-riserva-benedetta-2021","status":"publish","type":"product","link":"https:\/\/www.fattoriasandonato.it\/it\/shop\/vino\/bianco\/vernaccia-di-san-gimignano-docg-riserva-benedetta-2021\/","title":{"rendered":"Vernaccia di San Gimignano DOCG Riserva Benedetta 2021"},"content":{"rendered":"<div class=\"wpb-content-wrapper\"><p>[vc_row][vc_column width=&#8221;1\/4&#8243;][vc_single_image image=&#8221;5988&#8243; img_size=&#8221;&#8221; alignment=&#8221;center&#8221;][\/vc_column][vc_column width=&#8221;3\/4&#8243;][vc_column_text css=&#8221;.vc_custom_1617809644237{padding-top: 10px !important;padding-bottom: 10px !important;}&#8221;]<span style=\"font-weight: 400\">Vigneti<\/span><em><span style=\"font-weight: 400\"> Poggio alle corti e Etrusco,<\/span><\/em><span style=\"font-weight: 400\"> con <\/span><span style=\"font-weight: 400\">suolo: Misto argilla e sabbia pliocenica.<\/span><\/p>\n<p class=\"p1\"><span class=\"s1\">Allevamento G<\/span><span class=\"s1\">uyot.<\/span><\/p>\n<p>[\/vc_column_text][\/vc_column][\/vc_row][vc_row][vc_column width=&#8221;1\/4&#8243;][vc_single_image image=&#8221;5986&#8243; alignment=&#8221;center&#8221;][\/vc_column][vc_column width=&#8221;3\/4&#8243; css=&#8221;.vc_custom_1573661333371{padding-top: 10px !important;padding-bottom: 10px !important;}&#8221;][vc_column_text]<\/p>\n<p class=\"p1\"><span class=\"s1\">Vernaccia di San Gimignano<\/span><\/p>\n<p>[\/vc_column_text][\/vc_column][\/vc_row][vc_row][vc_column width=&#8221;1\/4&#8243;][vc_single_image image=&#8221;5984&#8243; alignment=&#8221;center&#8221;][\/vc_column][vc_column width=&#8221;3\/4&#8243; css=&#8221;.vc_custom_1573661333371{padding-top: 10px !important;padding-bottom: 10px !important;}&#8221;][vc_column_text]<span style=\"font-weight: 400\"><strong>Vinificazione: <\/strong><\/span><\/p>\n<p><span style=\"font-weight: 400\">Accurata selezione in vigneto delle migliori uve. Diraspatura, pigiatura e breve macerazione a freddo.\u00a0\u00a0<\/span><\/p>\n<p><span style=\"font-weight: 400\">Segue una soffice pressatura con pressa pneumatica del macerato. Il mosto fiore fermenta a temperatura controllata di circa 15\u00b0 in vinificatori di Acciaio inox e matura in parte in botti di rovere Austriaco .Qui permane per 12 mesi a contatto con i lieviti\u00a0 che vengono periodicamente messi in sospensione (batonnages).<\/span><\/p>\n<p><span style=\"font-weight: 400\">Avviene poi la stabilizzazione naturale e, dopo il controllo organolettico, proseguiamo con l&#8217;assemblaggio del vino nelle botti con il resto del vino che ha maturato in vasca.\u00a0 Infine, avviamo la filtrazione pre imbottigliamentoe l&#8217;affinamento per almeno 8 mesi in bottiglia.\u00a0<\/span>[\/vc_column_text][\/vc_column][\/vc_row][vc_row][vc_column width=&#8221;1\/4&#8243;][vc_single_image image=&#8221;5982&#8243; alignment=&#8221;center&#8221;][\/vc_column][vc_column width=&#8221;3\/4&#8243; css=&#8221;.vc_custom_1573661333371{padding-top: 10px !important;padding-bottom: 10px !important;}&#8221;][vc_column_text]<\/p>\n<p class=\"p1\"><span class=\"s1\">Colore giallo carico<span class=\"Apple-converted-space\">\u00a0 <\/span>con spiccatiri flessi dorati.<\/span><\/p>\n<p>[\/vc_column_text][\/vc_column][\/vc_row][vc_row][vc_column width=&#8221;1\/4&#8243;][vc_single_image image=&#8221;5980&#8243; alignment=&#8221;center&#8221;][\/vc_column][vc_column width=&#8221;3\/4&#8243; css=&#8221;.vc_custom_1573661333371{padding-top: 10px !important;padding-bottom: 10px !important;}&#8221;][vc_column_text]<\/p>\n<p class=\"p1\"><span class=\"s1\">Profumo complesso con note dominanti di zenzero agrumi passion fruit<\/span><\/p>\n<p>[\/vc_column_text][\/vc_column][\/vc_row][vc_row][vc_column width=&#8221;1\/4&#8243;][vc_single_image image=&#8221;5978&#8243; alignment=&#8221;center&#8221;][\/vc_column][vc_column width=&#8221;3\/4&#8243; css=&#8221;.vc_custom_1573661333371{padding-top: 10px !important;padding-bottom: 10px !important;}&#8221;][vc_column_text]<\/p>\n<p class=\"p1\"><span class=\"s1\">Decisamente sapido, salino, succoso e persistente<\/span><\/p>\n<p>[\/vc_column_text][\/vc_column][\/vc_row][vc_row][vc_column width=&#8221;1\/4&#8243;][vc_single_image image=&#8221;5976&#8243; alignment=&#8221;center&#8221;][\/vc_column][vc_column width=&#8221;3\/4&#8243; css=&#8221;.vc_custom_1573661333371{padding-top: 10px !important;padding-bottom: 10px !important;}&#8221;][vc_column_text]<\/p>\n<p class=\"p1\"><span class=\"s1\">Piatti di pesce, formaggi stagionati, carni<span class=\"Apple-converted-space\">\u00a0<\/span>bianche fritte e al forno.<\/span><\/p>\n<p>[\/vc_column_text][\/vc_column][\/vc_row][vc_row][vc_column width=&#8221;1\/4&#8243;][vc_single_image image=&#8221;5974&#8243; alignment=&#8221;center&#8221;][\/vc_column][vc_column width=&#8221;3\/4&#8243; css=&#8221;.vc_custom_1573661333371{padding-top: 10px !important;padding-bottom: 10px !important;}&#8221;][vc_column_text]<\/p>\n<p class=\"p1\"><span class=\"s1\">10-12\u00b0 c<\/span><\/p>\n<p>[\/vc_column_text][\/vc_column][\/vc_row][vc_row][vc_column width=&#8221;1\/4&#8243;][vc_single_image image=&#8221;6088&#8243; alignment=&#8221;center&#8221;][\/vc_column][vc_column width=&#8221;3\/4&#8243; css=&#8221;.vc_custom_1573661333371{padding-top: 10px !important;padding-bottom: 10px !important;}&#8221;][vc_column_text]<span style=\"font-weight: 400\"><strong>Numero di bottiglie prodotte:<\/strong> 3.000\u00a0<\/span><\/p>\n<p><span style=\"font-weight: 400\"><strong>Tipologia bottiglia:<\/strong> Bordolese da 750 ml\u00a0\u00a0<\/span>[\/vc_column_text][\/vc_column][\/vc_row]<\/p>\n<\/div>","protected":false},"excerpt":{"rendered":"<h4><em>Annata speciale 2021 premiata da Vini Buoni d&#8217;Italia con la Corona <\/em><\/h4>\n<h5><strong>Solo 120 bottiglie rimaste!\u00a0<\/strong><\/h5>\n<p><span class=\"s1\">Prodotta per la prima volta nel 1980 questa riserva ha preso il nome di nostra figlia Benedetta <\/span><span class=\"s1\">dall&#8217;annata 1999, suo anno di nascita. \u00c8<span class=\"Apple-converted-space\">\u00a0<\/span>un vino dallo stile pi\u00f9 tradizionale frutto delle uve\u00a0<\/span><span class=\"s1\">del vigneto pi\u00f9 alto dell&#8217;azienda il vigneto Dell&#8217;Etrusco vendemmiato tardivamente.<\/span><\/p>\n<p data-start=\"824\" data-end=\"957\">Il 2021 \u00e8 stata un\u2019annata eccezionale per la Vernaccia: clima equilibrato, uve perfettamente mature e una selezione accurata dei migliori grappoli: il risultato \u00e8 un vino di grande qualit\u00e0, eleganza e longevit\u00e0.<\/p>\n<p data-start=\"824\" data-end=\"957\">La nostra Riserva del 2021 ha infatti conquistato la <strong data-start=\"854\" data-end=\"898\">\u201cCorona\u201d della guida Vini Buoni d\u2019Italia<\/strong>, il massimo riconoscimento per i migliori vini italiani.<\/p>\n<p><img loading=\"lazy\" decoding=\"async\" class=\"alignnone size-medium wp-image-49834\" src=\"https:\/\/www.fattoriasandonato.it\/wp-content\/uploads\/2025\/10\/corona-vinibuoni-6762-240x300.png\" alt=\"\" width=\"240\" height=\"300\" srcset=\"https:\/\/www.fattoriasandonato.it\/wp-content\/uploads\/2025\/10\/corona-vinibuoni-6762-240x300.png 240w, https:\/\/www.fattoriasandonato.it\/wp-content\/uploads\/2025\/10\/corona-vinibuoni-6762-819x1024.png 819w, https:\/\/www.fattoriasandonato.it\/wp-content\/uploads\/2025\/10\/corona-vinibuoni-6762-768x960.png 768w, https:\/\/www.fattoriasandonato.it\/wp-content\/uploads\/2025\/10\/corona-vinibuoni-6762-600x750.png 600w, https:\/\/www.fattoriasandonato.it\/wp-content\/uploads\/2025\/10\/corona-vinibuoni-6762.png 1200w\" sizes=\"auto, (max-width: 240px) 100vw, 240px\" \/><\/p>\n<p>&nbsp;<\/p>\n<p><img loading=\"lazy\" decoding=\"async\" class=\"alignnone wp-image-49730 \" src=\"https:\/\/www.fattoriasandonato.it\/wp-content\/uploads\/2025\/06\/IMG_5005-e1755096307970-1024x881.jpg\" alt=\"\" width=\"678\" height=\"584\" srcset=\"https:\/\/www.fattoriasandonato.it\/wp-content\/uploads\/2025\/06\/IMG_5005-e1755096307970-1024x881.jpg 1024w, https:\/\/www.fattoriasandonato.it\/wp-content\/uploads\/2025\/06\/IMG_5005-e1755096307970-300x258.jpg 300w, https:\/\/www.fattoriasandonato.it\/wp-content\/uploads\/2025\/06\/IMG_5005-e1755096307970-768x661.jpg 768w, https:\/\/www.fattoriasandonato.it\/wp-content\/uploads\/2025\/06\/IMG_5005-e1755096307970-600x516.jpg 600w, https:\/\/www.fattoriasandonato.it\/wp-content\/uploads\/2025\/06\/IMG_5005-e1755096307970.jpg 1537w\" sizes=\"auto, (max-width: 678px) 100vw, 678px\" \/><br \/>\n<img loading=\"lazy\" decoding=\"async\" class=\"wp-image-5895 alignleft\" src=\"http:\/\/sandonato.it\/wp-content\/uploads\/2019\/01\/logo_bio.jpg\" alt=\"\" width=\"91\" height=\"58\" \/><\/p>\n<p>&nbsp;<\/p>\n<h4><\/h4>\n<h4><strong><a href=\"http:\/\/sandonato.it\/dicono-di-noi\/\">Dicono di Noi <\/a><\/strong><\/h4>\n<h4><strong><a href=\"https:\/\/www.fattoriasandonato.it\/wp-content\/uploads\/2019\/12\/Benedetta-Scheda-1.pdf\">Scarica la scheda tecnica di Benedetta<\/a><\/strong><\/h4>\n<p>&nbsp;<\/p>\n","protected":false},"featured_media":49832,"template":"","meta":[],"product_brand":[],"product_cat":[112,159],"product_tag":[182,208],"class_list":{"0":"post-49828","1":"product","2":"type-product","3":"status-publish","4":"has-post-thumbnail","6":"product_cat-bianco","7":"product_cat-vino","8":"product_tag-vino-rosso-it","9":"product_tag-wine-shop-it","11":"first","12":"outofstock","13":"shipping-taxable","14":"purchasable","15":"product-type-variable","16":"has-default-attributes"},"jetpack_sharing_enabled":true,"_links":{"self":[{"href":"https:\/\/www.fattoriasandonato.it\/it\/wp-json\/wp\/v2\/product\/49828","targetHints":{"allow":["GET"]}}],"collection":[{"href":"https:\/\/www.fattoriasandonato.it\/it\/wp-json\/wp\/v2\/product"}],"about":[{"href":"https:\/\/www.fattoriasandonato.it\/it\/wp-json\/wp\/v2\/types\/product"}],"wp:featuredmedia":[{"embeddable":true,"href":"https:\/\/www.fattoriasandonato.it\/it\/wp-json\/wp\/v2\/media\/49832"}],"wp:attachment":[{"href":"https:\/\/www.fattoriasandonato.it\/it\/wp-json\/wp\/v2\/media?parent=49828"}],"wp:term":[{"taxonomy":"product_brand","embeddable":true,"href":"https:\/\/www.fattoriasandonato.it\/it\/wp-json\/wp\/v2\/product_brand?post=49828"},{"taxonomy":"product_cat","embeddable":true,"href":"https:\/\/www.fattoriasandonato.it\/it\/wp-json\/wp\/v2\/product_cat?post=49828"},{"taxonomy":"product_tag","embeddable":true,"href":"https:\/\/www.fattoriasandonato.it\/it\/wp-json\/wp\/v2\/product_tag?post=49828"}],"curies":[{"name":"wp","href":"https:\/\/api.w.org\/{rel}","templated":true}]}}