{"id":5772,"date":"2019-10-08T11:05:17","date_gmt":"2019-10-08T09:05:17","guid":{"rendered":"http:\/\/www.fattoriasandonato.it\/privacy-policy\/"},"modified":"2019-12-23T14:02:39","modified_gmt":"2019-12-23T13:02:39","slug":"privacy-policy","status":"publish","type":"page","link":"https:\/\/www.fattoriasandonato.it\/it\/privacy-policy\/","title":{"rendered":"Privacy Policy"},"content":{"rendered":"<h2>Titolare del Trattamento dei Dati<\/h2>\n<p>Umberto Fenzi per conto di Fattoria San Donato di Fenzi Umberto<br \/>\nLoc. San Donato, 6 \u2013 San Gimignano (Siena) Italy<br \/>\nIndirizzo e-mail del titolare: <a href=\"mailto:info@sandonato.it\">info@sandonato.it<\/a><\/p>\n<h2>Tipologie di Dati raccolti<\/h2>\n<p>Fra i Dati Personali raccolti da questo sito, in modo autonomo o tramite terze parti, ci sono: Cookie, Dati di utilizzo, Nome, Cognome, Indirizzo, CAP, Numero di Telefono, Email, Nazione, Stato e Provincia.<\/p>\n<p>I Dati Personali possono essere liberamente forniti dall&#8217;Utente o, nel caso di Dati di Utilizzo, raccolti automaticamente durante l&#8217;uso di questo sito. Se non diversamente specificato, tutti i Dati richiesti da questo sito sono obbligatori. Se l\u2019Utente rifiuta di comunicarli, potrebbe essere impossibile per questo sito fornire il Servizio. L&#8217;eventuale utilizzo di Cookie &#8211; o di altri strumenti di tracciamento &#8211; da parte di questo sito o dei titolari dei servizi terzi utilizzati da questo sito, ove non diversamente precisato, ha la finalit\u00e0 di fornire il Servizio richiesto dall&#8217;Utente, oltre alle ulteriori finalit\u00e0 descritte nel presente documento e nella Cookie Policy.<\/p>\n<p>L&#8217;Utente si assume la responsabilit\u00e0 dei Dati Personali di terzi ottenuti, pubblicati o condivisi mediante questo sito e garantisce di avere il diritto di comunicarli o diffonderli, liberando il Titolare da qualsiasi responsabilit\u00e0 verso terzi.<\/p>\n<h2>Modalit\u00e0 e luogo del trattamento dei Dati raccolti<\/h2>\n<h3>Modalit\u00e0 di trattamento<\/h3>\n<p>Il Titolare adotta le opportune misure di sicurezza volte ad impedire l\u2019accesso, la divulgazione, la modifica o la distruzione non autorizzate dei Dati Personali. Il trattamento viene effettuato mediante strumenti informatici e\/o telematici, con modalit\u00e0 organizzative e con logiche strettamente correlate alle finalit\u00e0 indicate. Oltre al Titolare, in alcuni casi, potrebbero avere accesso ai Dati altri soggetti coinvolti nell\u2019organizzazione di questo sito (personale amministrativo, commerciale, marketing, legali, amministratori di sistema) ovvero soggetti esterni (come fornitori di servizi tecnici terzi, corrieri postali, hosting provider, societ\u00e0 informatiche, agenzie di comunicazione) nominati Responsabili del Trattamento da parte del Titolare. L\u2019elenco aggiornato dei Responsabili potr\u00e0 sempre essere richiesto al Titolare del Trattamento.<\/p>\n<h3>Luogo<\/h3>\n<p>I Dati sono trattati presso le sedi operative del Titolare ed in ogni altro luogo in cui le parti coinvolte nel trattamento siano localizzate. Per ulteriori informazioni, contatta il Titolare. I Dati Personali dell\u2019Utente potrebbero essere trasferiti in un paese diverso da quello in cui l\u2019Utente si trova.<\/p>\n<h3>Periodo di conservazione<\/h3>\n<p>I Dati sono trattati e conservati per il tempo richiesto dalle finalit\u00e0 per le quali sono stati raccolti. Quando il trattamento \u00e8 basato sul consenso dell\u2019Utente, il Titolare pu\u00f2 conservare i Dati Personali pi\u00f9 a lungo sino a quando detto consenso non venga revocato. Inoltre il Titolare potrebbe essere obbligato a conservare i Dati Personali per un periodo pi\u00f9 lungo in ottemperanza ad un obbligo di legge o per ordine di un\u2019autorit\u00e0. L\u2019utente pu\u00f2 chiedere in qualunque momento al Titolare l\u2019interruzione del Trattamento o la cancellazione dei Dati.<\/p>\n<h2>Finalit\u00e0 del Trattamento dei Dati raccolti<\/h2>\n<p>I Dati dell\u2019Utente sono raccolti per consentire al Titolare di fornire i propri Servizi, cos\u00ec come per le seguenti finalit\u00e0: Contattare l&#8217;Utente, Statistica, Hosting ed infrastruttura backend, Remarketing e behavioral targeting, Visualizzazione di contenuti da piattaforme esterne.<\/p>\n<p>Per ottenere ulteriori informazioni dettagliate sulle finalit\u00e0 del trattamento e sui Dati Personali concretamente rilevanti per ciascuna finalit\u00e0, l\u2019Utente pu\u00f2 fare riferimento alle relative sezioni di questo documento.<\/p>\n<h2>Dettagli sul trattamento dei Dati Personali<\/h2>\n<p>I Dati Personali sono raccolti per le seguenti finalit\u00e0 ed utilizzando i seguenti servizi:<\/p>\n<h3>Contattare l&#8217;Utente<\/h3>\n<h4>Contatto via telefono<\/h4>\n<p>Gli Utenti che hanno fornito il proprio numero di telefono potrebbero essere contattati per finalit\u00e0 commerciali o promozionali collegate a questo sito, cos\u00ec come per soddisfare richieste di supporto.<br \/>\nDati Personali raccolti: numero di telefono.<\/p>\n<h4>Modulo di contatto<\/h4>\n<p>L\u2019Utente, compilando con i propri Dati il modulo di contatto, acconsente al loro utilizzo per rispondere alle richieste di informazioni, di preventivo, o di qualunque altra natura indicata dall\u2019intestazione del modulo.<br \/>\nDati Personali raccolti: Nome, Cognome, Indirizzo, CAP, Numero di Telefono, Email, Nazione, Stato e Provincia.<\/p>\n<h3>Statistica<\/h3>\n<p>I servizi contenuti nella presente sezione permettono al Titolare del Trattamento di monitorare e analizzare i dati di traffico e servono a tener traccia del comportamento dell\u2019Utente.<\/p>\n<h4>Google Analytics (Google Inc.)<\/h4>\n<p>Google Analytics \u00e8 un servizio di analisi web fornito da Google Inc. (\u201cGoogle\u201d). Google utilizza i Dati Personali raccolti allo scopo di tracciare ed esaminare l\u2019utilizzo di questo sito, compilare report e condividerli con gli altri servizi sviluppati da Google. Google potrebbe utilizzare i Dati Personali per contestualizzare e personalizzare gli annunci del proprio network pubblicitario.<br \/>\nDati Personali raccolti: Cookie e Dati di utilizzo.<br \/>\nLuogo del trattamento: Stati Uniti \u2013\u00a0<a href=\"https:\/\/policies.google.com\/privacy?hl=it\" target=\"_blank\" rel=\"noopener noreferrer\">Privacy Policy<\/a>\u00a0\u2013\u00a0<a href=\"https:\/\/tools.google.com\/dlpage\/gaoptout?hl=it\" target=\"_blank\" rel=\"noopener noreferrer\">Opt Out<\/a>. Soggetto aderente al Privacy Shield.<\/p>\n<h4>Google Analytics con IP anonimizzato (Google Inc.)<\/h4>\n<p>Google Analytics \u00e8 un servizio di analisi web fornito da Google Inc. (\u201cGoogle\u201d). Google utilizza i Dati Personali raccolti allo scopo di tracciare ed esaminare l\u2019utilizzo di questo sito, compilare report e condividerli con gli altri servizi sviluppati da Google. Google potrebbe utilizzare i Dati Personali per contestualizzare e personalizzare gli annunci del proprio network pubblicitario. Questa integrazione di Google Analytics rende anonimo il tuo indirizzo IP. L&#8217;anonimizzazione funziona abbreviando entro i confini degli stati membri dell&#8217;Unione Europea o in altri Paesi aderenti all&#8217;accordo sullo Spazio Economico Europeo l&#8217;indirizzo IP degli Utenti. Solo in casi eccezionali, l&#8217;indirizzo IP sar\u00e0 inviato ai server di Google ed abbreviato all&#8217;interno degli Stati Uniti.<br \/>\nDati Personali raccolti: Cookie e Dati di utilizzo.<br \/>\nLuogo del trattamento: Stati Uniti \u2013\u00a0<a href=\"https:\/\/policies.google.com\/privacy?hl=it\" target=\"_blank\" rel=\"noopener noreferrer\">Privacy Policy<\/a>\u00a0\u2013\u00a0<a href=\"https:\/\/tools.google.com\/dlpage\/gaoptout?hl=it\" target=\"_blank\" rel=\"noopener noreferrer\">Opt Out<\/a>. Soggetto aderente al Privacy Shield.<\/p>\n<h3>Hosting ed infrastruttura backend<\/h3>\n<p>Questo tipo di servizi ha la funzione di ospitare Dati e file che permettono a questo sito di funzionare, ne consentono la distribuzione e mettono a disposizione un&#8217;infrastruttura pronta all&#8217;uso per erogare specifiche funzionalit\u00e0 di questo sito.<\/p>\n<h4>OVHCloud (OVH S.R.L.)<\/h4>\n<p>OVHCloud \u00e8 un servizio di hosting fornito da OVH S.R.L.<br \/>\nDati Personali raccolti: varie tipologie di Dati secondo quanto specificato dalla privacy policy del servizio.<br \/>\nLuogo del trattamento: Francia \u2013 <a href=\"https:\/\/www.ovh.it\/protezione-dati-personali\/\" target=\"_blank\" rel=\"noopener noreferrer\">Privacy Policy<\/a>.<\/p>\n<h3>Remarketing e behavioral targeting<\/h3>\n<p>Questo tipo di servizi consente a questo sito ed ai suoi partner di comunicare, ottimizzare e servire annunci pubblicitari basati sull&#8217;utilizzo passato di questo sito da parte dell&#8217;Utente. Questa attivit\u00e0 viene effettuata tramite il tracciamento dei Dati di Utilizzo e l&#8217;uso di Cookie, informazioni che vengono trasferite ai partner a cui l&#8217;attivit\u00e0 di remarketing e behavioral targeting \u00e8 collegata. In aggiunta alle possibilit\u00e0 di effettuare l&#8217;opt-out offerte dai servizi di seguito riportati, l&#8217;Utente pu\u00f2 optare per l&#8217;esclusione rispetto alla ricezione dei cookie relativi ad un servizio terzo, visitando la pagina di opt-out del Network Advertising Initiative.<\/p>\n<h4>Facebook Remarketing (Facebook, Inc.)<\/h4>\n<p>Facebook Remarketing \u00e8 un servizio di remarketing e behavioral targeting fornito da Facebook, Inc. che collega l&#8217;attivit\u00e0 di questo sito con il network di advertising Facebook.<br \/>\nDati Personali raccolti: Cookie e Dati di utilizzo.<br \/>\nLuogo del trattamento: Stati Uniti \u2013\u00a0<a href=\"https:\/\/www.facebook.com\/about\/privacy\/\" target=\"_blank\" rel=\"noopener noreferrer\">Privacy Policy<\/a>\u00a0\u2013\u00a0<a href=\"https:\/\/www.aboutads.info\/choices\/\" target=\"_blank\" rel=\"noopener noreferrer\">Opt Out<\/a>. Soggetto aderente al Privacy Shield.<\/p>\n<h3>Visualizzazione di contenuti da piattaforme esterne<\/h3>\n<p>Questo tipo di servizi permette di visualizzare contenuti ospitati su piattaforme esterne direttamente dalle pagine di questo sito e di interagire con essi. Nel caso in cui sia installato un servizio di questo tipo, \u00e8 possibile che, anche nel caso gli Utenti non utilizzino il servizio, lo stesso raccolga dati di traffico relativi alle pagine in cui \u00e8 installato.<\/p>\n<h4>Google Fonts (Google Inc.)<\/h4>\n<p>Google Fonts \u00e8 un servizio di visualizzazione di stili di carattere gestito da Google Inc. che permette a questo sito di integrare tali contenuti all\u2019interno delle proprie pagine.<br \/>\nDati Personali raccolti: Dati di utilizzo e varie tipologie di Dati secondo quanto specificato dalla privacy policy del servizio.<br \/>\nLuogo del trattamento: Stati Uniti \u2013\u00a0<a href=\"https:\/\/policies.google.com\/privacy?hl=it\" target=\"_blank\" rel=\"noopener noreferrer\">Privacy Policy<\/a>. Soggetto aderente al Privacy Shield.<\/p>\n<h2>Diritti dell\u2019Utente<\/h2>\n<p>Gli Utenti possono esercitare determinati diritti con riferimento ai Dati trattati dal Titolare.<\/p>\n<p>In particolare, l\u2019Utente ha il diritto di:<\/p>\n<ul>\n<li><strong>revocare il consenso in ogni momento<\/strong>. L\u2019Utente pu\u00f2 revocare il consenso al trattamento dei propri Dati Personali precedentemente espresso.<\/li>\n<li><strong>opporsi al trattamento dei propri Dati<\/strong>. L\u2019Utente pu\u00f2 opporsi al trattamento dei propri Dati quando esso avviene su una base giuridica diversa dal consenso.<\/li>\n<li><strong>accedere ai propri Dati<\/strong>. L\u2019Utente ha diritto ad ottenere informazioni sui Dati trattati dal Titolare, su determinati aspetti del trattamento ed a ricevere una copia dei Dati trattati.<\/li>\n<li><strong>verificare e chiedere la rettificazione<\/strong>. L\u2019Utente pu\u00f2 verificare la correttezza dei propri Dati e richiederne l\u2019aggiornamento o la correzione.<\/li>\n<li><strong>ottenere la limitazione del trattamento<\/strong>. Quando ricorrono determinate condizioni, l\u2019Utente pu\u00f2 richiedere la limitazione del trattamento dei propri Dati. In tal caso, il Titolare non tratter\u00e0 i Dati per alcun altro scopo se non la loro conservazione.<\/li>\n<li><strong>ottenere la cancellazione o rimozione dei propri Dati Personali<\/strong>. Quando ricorrono determinate condizioni, l\u2019Utente pu\u00f2 richiedere la cancellazione dei propri Dati da parte del Titolare.<\/li>\n<li><strong>ricevere i propri Dati o farli trasferire ad altro titolare<\/strong>. L\u2019Utente ha diritto di ricevere i propri Dati in formato strutturato, di uso comune e leggibile da dispositivo automatico e, ove tecnicamente fattibile, di ottenerne il trasferimento senza ostacoli ad un altro titolare. Questa disposizione \u00e8 applicabile quando i Dati sono trattati con strumenti automatizzati ed il trattamento \u00e8 basato sul consenso dell\u2019Utente, su un contratto di cui l\u2019Utente \u00e8 parte o su misure contrattuali ad esso connesse.<\/li>\n<li><strong>proporre reclamo<\/strong>. L\u2019Utente pu\u00f2 proporre un reclamo all\u2019autorit\u00e0 di controllo della protezione dei dati personali competente o agire in sede giudiziale.<\/li>\n<\/ul>\n<h2>Come esercitare i diritti<\/h2>\n<p>Per esercitare i diritti dell\u2019Utente, gli Utenti possono indirizzare una richiesta agli estremi di contatto del Titolare indicati in questo documento. Le richieste sono depositate a titolo gratuito e evase dal Titolare nel pi\u00f9 breve tempo possibile, in ogni caso entro un mese.<\/p>\n<h2>Cookie Policy<\/h2>\n<p>Questo sito fa utilizzo di Cookie. Per saperne di pi\u00f9 e per prendere visione dell\u2019informativa dettagliata, l\u2019Utente pu\u00f2 consultare la Cookie Policy di questo sito.<\/p>\n<h2>Ulteriori informazioni sul trattamento<\/h2>\n<h3>Difesa in giudizio<\/h3>\n<p>I Dati Personali dell\u2019Utente possono essere utilizzati da parte del Titolare in giudizio o nelle fasi preparatorie alla sua eventuale instaurazione per la difesa da abusi nell&#8217;utilizzo di questo sito o dei Servizi connessi da parte dell\u2019Utente. L\u2019Utente dichiara di essere consapevole che il Titolare potrebbe essere obbligato a rivelare i Dati per ordine delle autorit\u00e0 pubbliche.<\/p>\n<h3>Informative specifiche<\/h3>\n<p>Su richiesta dell\u2019Utente, in aggiunta alle informazioni contenute in questa privacy policy, questo sito potrebbe fornire all&#8217;Utente delle informative aggiuntive e contestuali riguardanti Servizi specifici, o la raccolta ed il trattamento di Dati Personali.<\/p>\n<h3>Log di sistema e manutenzione<\/h3>\n<p>Per necessit\u00e0 legate al funzionamento ed alla manutenzione, questo sito e gli eventuali servizi terzi da esso utilizzati potrebbero raccogliere Log di sistema, ossia file che registrano le interazioni e che possono contenere anche Dati Personali, quali l\u2019indirizzo IP Utente.<\/p>\n<h3>Informazioni non contenute in questa policy<\/h3>\n<p>Ulteriori informazioni in relazione al trattamento dei Dati Personali potranno essere richieste in qualsiasi momento al Titolare del Trattamento utilizzando gli estremi di contatto.<\/p>\n<h3>Riferimenti legali<\/h3>\n<p>La presente informativa privacy \u00e8 redatta sulla base di molteplici ordinamenti legislativi, inclusi gli artt. 13 e 14 del Regolamento (UE) 2016\/679.<\/p>\n<p>Ove non diversamente specificato, questa informativa privacy riguarda esclusivamente questo sito.<\/p>\n","protected":false},"excerpt":{"rendered":"<p>Titolare del Trattamento dei Dati Umberto Fenzi per conto di Fattoria San Donato di Fenzi Umberto Loc. San Donato, 6 \u2013 San Gimignano (Siena) Italy Indirizzo e-mail del titolare: info@sandonato.it Tipologie di Dati raccolti Fra i Dati Personali raccolti da [&hellip;]<\/p>\n","protected":false},"author":1,"featured_media":0,"parent":0,"menu_order":0,"comment_status":"closed","ping_status":"closed","template":"","meta":{"footnotes":""},"class_list":["post-5772","page","type-page","status-publish","hentry"],"jetpack_sharing_enabled":true,"_links":{"self":[{"href":"https:\/\/www.fattoriasandonato.it\/it\/wp-json\/wp\/v2\/pages\/5772","targetHints":{"allow":["GET"]}}],"collection":[{"href":"https:\/\/www.fattoriasandonato.it\/it\/wp-json\/wp\/v2\/pages"}],"about":[{"href":"https:\/\/www.fattoriasandonato.it\/it\/wp-json\/wp\/v2\/types\/page"}],"author":[{"embeddable":true,"href":"https:\/\/www.fattoriasandonato.it\/it\/wp-json\/wp\/v2\/users\/1"}],"replies":[{"embeddable":true,"href":"https:\/\/www.fattoriasandonato.it\/it\/wp-json\/wp\/v2\/comments?post=5772"}],"version-history":[{"count":5,"href":"https:\/\/www.fattoriasandonato.it\/it\/wp-json\/wp\/v2\/pages\/5772\/revisions"}],"predecessor-version":[{"id":6251,"href":"https:\/\/www.fattoriasandonato.it\/it\/wp-json\/wp\/v2\/pages\/5772\/revisions\/6251"}],"wp:attachment":[{"href":"https:\/\/www.fattoriasandonato.it\/it\/wp-json\/wp\/v2\/media?parent=5772"}],"curies":[{"name":"wp","href":"https:\/\/api.w.org\/{rel}","templated":true}]}}