{"id":5661,"date":"2019-10-08T11:05:17","date_gmt":"2019-10-08T09:05:17","guid":{"rendered":"http:\/\/www.fattoriasandonato.it\/selling-agreements\/"},"modified":"2019-12-23T13:27:04","modified_gmt":"2019-12-23T12:27:04","slug":"condizioni-di-vendita","status":"publish","type":"page","link":"https:\/\/www.fattoriasandonato.it\/it\/condizioni-di-vendita\/","title":{"rendered":"Condizioni di vendita"},"content":{"rendered":"<div class=\"page-title\">\n<h2>CONDIZIONI GENERALI DI VENDITA\u00a0(ai sensi del D.Lgs 206\/2005 &#8220;Codice del Consumo&#8221;)<\/h2>\n<\/div>\n<dl>\n<dt id=\"answer1\">SPEDIZIONI E CONSEGNE<\/dt>\n<dd>\n<div><strong>Fattoria San Donato<\/strong>, per mezzo di corrieri espresso, effettua la consegna dei prodotti ordinati dal Cliente all\u2019indirizzo indicato dal Cliente stesso sull\u2019ordine di acquisto.<br \/>\nL\u2019obiettivo di <strong>Fattoria San Donato<\/strong>\u00a0\u00e8 quello di salvaguardare sempre il prodotto, garantendone la perfetta conservazione durante tutto il viaggio: per tale motivo viene inoltre posta la massima cura nell\u2019imballaggio dei prodotti, utilizzando scatole specifiche che preservano il contenuto da sbalzi di temperatura ed urti accidentali.<strong>Le spedizioni vengono effettuate in quasi tutto il mondo.<\/strong><br \/>\n<strong>Il costo della spedizione dipende dal peso dei prodotti acquistati:\u00a0<\/strong><\/p>\n<ul>\n<li><a href=\"https:\/\/www.fattoriasandonato.it\/wp-content\/uploads\/2019\/12\/EUROPA-SUPER-TOP-20.pdf\">ITALY \/ EUROPE<\/a><\/li>\n<li><a href=\"https:\/\/www.fattoriasandonato.it\/wp-content\/uploads\/2019\/12\/USA-60-90.pdf\">U.S.A.<\/a><\/li>\n<li><a href=\"https:\/\/www.fattoriasandonato.it\/wp-content\/uploads\/2019\/12\/CANADA-65-90.pdf\">CANADA<\/a><\/li>\n<li><a href=\"https:\/\/www.fattoriasandonato.it\/wp-content\/uploads\/2019\/12\/RUSSIA.pdf\">RUSSIA<\/a><\/li>\n<li><a href=\"https:\/\/www.fattoriasandonato.it\/wp-content\/uploads\/2019\/12\/ASIA-SAN-DONATO.pdf\">SOUTH AFRICA, JAPAN, HONG KONG, SINGAPORE, SOUTH KOREA, CHINA, TAIWAN, INDIA, FHILIPPINES, NEW ZELAND, AUSTRALIA<\/a><\/li>\n<\/ul>\n<p>Per spedizioni personalizzate o per qualunque altra richiesta contattaci all&#8217;indirizzo:\u00a0<a href=\"mailto:info@sandonato.it\"><strong>info@sandonato.it<\/strong><\/a><\/p>\n<\/div>\n<\/dd>\n<dt id=\"answer2\">NORMATIVA PRIVACY<\/dt>\n<dd>\n<div>Si informa che, ai sensi dell\u2019art. 13 del Decreto Legislativo n. 196 del 2003, i dati forniti in fase di registrazione al presente sito sono raccolti per la spedizione e la fatturazione dell\u2019ordine.<br \/>\nIn caso di mancato conferimento dei dati l\u2019ordine non andr\u00e0 a buon fine.<br \/>\n<strong>Fattoria San Donato<\/strong> si obbliga a trattare con riservatezza tali dati e a non rivelarli a persone non autorizzate, ne\u2019 ad usarli per scopi diversi da quelli qui indicati, salvo diversa esplicita autorizzazione in tal senso da parte del Cliente. Tali dati potranno essere comunicati, previa sottoscrizione di un impegno di riservatezza, a collaboratori e dipendenti delegati alla loro conservazione ed allo svolgimento delle attivit\u00e0 di cui sopra, e saranno diffusi esclusivamente nell\u2019ambito delle finalit\u00e0 del servizio reso. Tali dati saranno inoltre esibiti su richiesta delle autorit\u00e0 per legge autorizzate.<strong>Titolare e responsabile del trattamento dei dati personali \u00e8: Umberto Fenzi per conto di Fattoria San Donato <\/strong>In relazione al trattamento dei dati personali, il cliente potr\u00e0 direttamente ed in ogni momento, esercitare i diritti di cui all\u2019art. 7 del Decreto Legislativo n. 196 del 2003, tra cui, in particolare ottenere l\u2019indicazione:<\/p>\n<ul>\n<li>dell\u2019origine dei dati personali;<\/li>\n<li>delle finalit\u00e0 e modalit\u00e0 del trattamento;<\/li>\n<li>della logica applicata in caso di trattamento effettuato con l\u2019ausilio di strumenti elettronici;<\/li>\n<li>degli estremi identificativi del titolare, dei responsabili e del rappresentante designato ai sensi dell\u2019articolo 5, comma 2;<\/li>\n<li>dei soggetti o delle categorie di soggetti ai quali i dati personali possono essere comunicati o che possono venirne a conoscenza in qualit\u00e0 di rappresentante designato nel territorio dello Stato, di responsabili o incaricati.<\/li>\n<\/ul>\n<p>Il cliente avr\u00e0 inoltre diritto di ottenere:<\/p>\n<ul>\n<li>l\u2019aggiornamento, la rettifica oppure l\u2019integrazione dei dati;<\/li>\n<li>la cancellazione, la trasformazione in forma anonima o il blocco dei dati trattati in violazione di legge, compresi quelli di cui non \u00e8 necessaria la conservazione in relazione agli scopi per i quali i dati sono stati raccolti o successivamente trattati.<\/li>\n<\/ul>\n<p>Avr\u00e0 inoltre il diritto di opporsi, in tutto o in parte:<\/p>\n<ul>\n<li>per motivi legittimi al trattamento dei dati personali che lo riguardano, ancorch\u00e8 pertinenti allo scopo della raccolta;<\/li>\n<li>al trattamento di dati personali che lo riguardano a fini di invio di materiale pubblicitario o di vendita diretta o per il compimento di ricerche di mercato o di comunicazione commerciale.<\/li>\n<\/ul>\n<\/div>\n<\/dd>\n<dt id=\"answer3\">DIRITTO DI RECESSO<\/dt>\n<dd>\n<div>\n<p><strong>Fattoria San Donato<\/strong> garantisce che verranno consegnati prodotti eguali a quelli indicati e descritti nel sito. Garantisce inoltre il rispetto di tutte le norme in merito alla conservazione dei prodotti fino al momento della consegna nel luogo indicato nell\u2019ordine. Le immagini presenti sul sito sono fornite al Cliente per agevolare il riconoscimento dei prodotti; a causa di variazioni nella confezione, le foto potrebbero non rispecchiare esattamente l\u2019aspetto del prodotto consegnato.<\/p>\n<p>Come previsto dal\u00a0<strong>Codice del Consumo D.LGS 206\/2005<\/strong> (ex diritto di recesso) i Clienti di <strong>Fattoria San Donato<\/strong>\u00a0godono della garanzia soddisfatti o rimborsati con la possibilit\u00e0 di restituire i prodotti acquistati\u00a0<strong>entro 10 giorni lavorativi dal ricevimento<\/strong>, tranne il caso che si tratti di prodotti che per la loro natura non possano essere rispediti. Il diritto di recesso \u00e8 facolt\u00e0 delle persone fisiche che agiscono per scopi non direttamente riferibili all\u2019attivit\u00e0 professionale eventualmente svolta. Pertanto, rivenditori e aziende sono esclusi da tale diritto.<\/p>\n<\/div>\n<\/dd>\n<dt id=\"answer4\">MODALIT\u00c0 PER CHIEDERE IL RIMBORSO<\/dt>\n<dd>\n<div>\n<p>\u00c8 necessario inviare una lettera od una e-mail a <strong>Fattoria San Donato<\/strong>\u00a0entro 10 giorni lavorativi dal ricevimento della merce. Nella comunicazione il Cliente dovr\u00e0 indicare il prodotto o i prodotti per i quali intende esercitare il diritto di recesso.<\/p>\n<ul>\n<li>Per esercitare il diritto di recesso \u00e8 necessario restituire i prodotti acquistati, in\u00a0<strong>buono stato di conservazione<\/strong>\u00a0e con\u00a0<strong>etichette originali non rimosse<\/strong>.<\/li>\n<li>L\u2019imballo dei prodotti deve essere accurato, al fine di salvaguardare gli involucri originali da danneggiamenti, apposizioni di scritte o etichette.<\/li>\n<li>I prodotti devono essere restituiti a mezzo\u00a0<strong>corriere espresso a proprie spese<\/strong>.<\/li>\n<li>Si consiglia di utilizzare un metodo di spedizione tracciabile ed assicurato in quanto non sar\u00e0 responsabilit\u00e0 di <strong>Fattoria San Donato<\/strong>\u00a0lo smarrimento, la mancata ricezione o il danneggiamento del materiale inviato.<\/li>\n<li>La merce verr\u00e0 rimborsata da parte di <strong>Fattoria San Donato<\/strong>\u00a0dopo aver verificato il contenuto e lo stato dei prodotti, entro 30 giorni dal ricevimento della comunicazione da parte del cliente.<\/li>\n<\/ul>\n<p><strong>Per qualsiasi comunicazione in merito a reclami il cliente pu\u00f2 utilizzare l&#8217;indirizzo e-mail:<\/strong> <a href=\"mailto:info@sandonato.it\">info@sandonato.it<\/a><\/p>\n<\/div>\n<\/dd>\n<dt id=\"answer5\">DISPONIBILIT\u00c0<\/dt>\n<dd>\n<div><strong>Fattoria San Donato<\/strong> si impegna a inserire sul sito solo prodotti effettivamente disponibili. Nel caso in cui i prodotti non fossero al momento in magazzino o nel caso il produttore non potesse garantire la consegna nei tempi prestabiliti, sar\u00e0 cura di <strong>Fattoria San Donato<\/strong> \u00a0segnalare in modo adeguato la non disponibilit\u00e0 del prodotto.<br \/>\nL\u2019invio dell\u2019ordine da parte del Cliente vale come accettazione anche di un\u2019eventuale consegna parziale, limitata ai prodotti disponibili nell\u2019ambito di quelli ordinati, nonch\u00e9 come rinuncia a richiedere a tale titolo risarcimenti e\/o indennizzi.<br \/>\n<strong>Fattoria San Donato<\/strong> si impegna peraltro, a norma di legge, ad informare tempestivamente il Cliente dell\u2019eventuale improvvisa indisponibilit\u00e0 del prodotto ordinato, per concordare il proseguimento dell\u2019ordine o la sua modifica con prodotti analoghi. Se si \u00e8 comunque interessati ad un prodotto al momento non disponibile il Cliente \u00e8 pregato di inviare una e-mail, in modo che <strong>Fattoria San Donato<\/strong>\u00a0possa fornire indicazioni pi\u00f9 precise.<\/div>\n<\/dd>\n<dt id=\"answer6\">PREZZI<\/dt>\n<dd>\n<div>I prezzi dei prodotti indicati nelle varie sezioni del presente sito sono\u00a0<strong>comprensivi di IVA<\/strong>.<br \/>\nI prezzi applicati ad ogni vendita sono quelli indicati nel sito al momento dell\u2019ordine da parte del Cliente e sono suscettibili di variazione.<br \/>\nIl prezzo dei prodotti acquistati, unitamente al costo della consegna a domicilio, dovr\u00e0 essere pagato dal Cliente al momento dell\u2019ordine online, mediante carta di credito, bonifico bancario anticipato intestato a Fattoria San Donato Iban: IT85F0103072001000000441827 &#8211; BIC\/SWIFT PASCITM1J24 o PayPal. <strong>La documentazione fiscale verr\u00e0 rilasciata da Fattoria San Donato, tramite l&#8217;emissione di una fattura<\/strong>.<\/div>\n<\/dd>\n<dt id=\"answer7\">FATTURAZIONE<\/dt>\n<dd>\n<div>Per ottenere la fattura \u00e8 necessario indicare il proprio Codice Fiscale al momento dell&#8217;ordine.<br \/>\nLa fattura verr\u00e0 emessa contestualmente alla spedizione della merce e inviata con essa o tramite email.<br \/>\nAl momento dell\u2019ordine vi preghiamo di indicare un numero di telefono, affinch\u00e9 sia possibile contattarvi per eventuali necessit\u00e0.<\/div>\n<\/dd>\n<\/dl>\n","protected":false},"excerpt":{"rendered":"<p>CONDIZIONI GENERALI DI VENDITA\u00a0(ai sensi del D.Lgs 206\/2005 &#8220;Codice del Consumo&#8221;) SPEDIZIONI E CONSEGNE Fattoria San Donato, per mezzo di corrieri espresso, effettua la consegna dei prodotti ordinati dal Cliente all\u2019indirizzo indicato dal Cliente stesso sull\u2019ordine di acquisto. L\u2019obiettivo di [&hellip;]<\/p>\n","protected":false},"author":1,"featured_media":0,"parent":0,"menu_order":0,"comment_status":"closed","ping_status":"open","template":"","meta":{"footnotes":""},"class_list":["post-5661","page","type-page","status-publish","hentry"],"jetpack_sharing_enabled":true,"_links":{"self":[{"href":"https:\/\/www.fattoriasandonato.it\/it\/wp-json\/wp\/v2\/pages\/5661","targetHints":{"allow":["GET"]}}],"collection":[{"href":"https:\/\/www.fattoriasandonato.it\/it\/wp-json\/wp\/v2\/pages"}],"about":[{"href":"https:\/\/www.fattoriasandonato.it\/it\/wp-json\/wp\/v2\/types\/page"}],"author":[{"embeddable":true,"href":"https:\/\/www.fattoriasandonato.it\/it\/wp-json\/wp\/v2\/users\/1"}],"replies":[{"embeddable":true,"href":"https:\/\/www.fattoriasandonato.it\/it\/wp-json\/wp\/v2\/comments?post=5661"}],"version-history":[{"count":6,"href":"https:\/\/www.fattoriasandonato.it\/it\/wp-json\/wp\/v2\/pages\/5661\/revisions"}],"predecessor-version":[{"id":6249,"href":"https:\/\/www.fattoriasandonato.it\/it\/wp-json\/wp\/v2\/pages\/5661\/revisions\/6249"}],"wp:attachment":[{"href":"https:\/\/www.fattoriasandonato.it\/it\/wp-json\/wp\/v2\/media?parent=5661"}],"curies":[{"name":"wp","href":"https:\/\/api.w.org\/{rel}","templated":true}]}}